{"id":228,"date":"2024-06-12T07:44:45","date_gmt":"2024-06-12T06:44:45","guid":{"rendered":"https:\/\/themes.getmotopress.com\/luviana\/?page_id=228"},"modified":"2025-07-22T18:57:34","modified_gmt":"2025-07-22T17:57:34","slug":"about-luviana","status":"publish","type":"page","link":"https:\/\/www.ecofarm-tayssir.com\/booking\/about-luviana\/","title":{"rendered":"A-propos de notre ECOFARM"},"content":{"rendered":"\n<div class=\"wp-block-getwid-section alignfull alignfull getwid-margin-top-none getwid-margin-bottom-none\"><div class=\"wp-block-getwid-section__wrapper getwid-padding-top-none getwid-padding-bottom-none getwid-padding-left-medium getwid-padding-right-medium getwid-padding-mobile-left-small getwid-padding-mobile-right-small\"><div class=\"wp-block-getwid-section__inner-wrapper\"><div class=\"wp-block-getwid-section__background-holder\"><div class=\"wp-block-getwid-section__background\"><\/div><div class=\"wp-block-getwid-section__foreground\"><\/div><\/div><div class=\"wp-block-getwid-section__content\"><div class=\"wp-block-getwid-section__inner-content\">\n<div class=\"wp-block-columns has-2-columns is-layout-flex wp-container-core-columns-is-layout-9d6595d7 wp-block-columns-is-layout-flex\">\n<div class=\"wp-block-column is-layout-flow wp-block-column-is-layout-flow\">\n<div class=\"wp-block-getwid-advanced-heading is-style-style-1 has-custom-font-size\" style=\"font-size:12px;margin-bottom:0px\"><p class=\"wp-block-getwid-advanced-heading__content\" style=\"letter-spacing:0.1em\">\u00c9LEVER LE CONFORT AU PLUS HAUT NIVEAU<\/p><\/div>\n\n\n\n<div class=\"wp-block-getwid-advanced-heading is-style-default\" style=\"margin-top:10px\"><h2 class=\"wp-block-getwid-advanced-heading__content\">Bienvenue \u00e0 Ecofarm Tayssir<\/h2><\/div>\n<\/div>\n\n\n\n<div class=\"wp-block-column is-layout-flow wp-block-column-is-layout-flow\">\n<p>C\u2019est une petite ferme confortable. Notre personnel offre un service attentionn\u00e9 de haute qualit\u00e9 et est toujours pr\u00eat \u00e0 offrir toute aide aux clients.<\/p>\n<\/div>\n<\/div>\n<\/div><\/div><\/div><\/div><\/div>\n\n\n\n<div class=\"wp-block-getwid-section alignfull alignfull getwid-margin-top-none getwid-margin-bottom-none\"><div class=\"wp-block-getwid-section__wrapper getwid-padding-top-normal getwid-padding-bottom-normal getwid-padding-left-medium getwid-padding-right-medium getwid-padding-mobile-left-small getwid-padding-mobile-right-small\"><div class=\"wp-block-getwid-section__inner-wrapper\"><div class=\"wp-block-getwid-section__background-holder\"><div class=\"wp-block-getwid-section__background\"><\/div><div class=\"wp-block-getwid-section__foreground\"><\/div><\/div><div class=\"wp-block-getwid-section__content\"><div class=\"wp-block-getwid-section__inner-content\">\n<div class=\"wp-block-columns has-2-columns is-layout-flex wp-container-core-columns-is-layout-9d6595d7 wp-block-columns-is-layout-flex\">\n<div class=\"wp-block-column is-layout-flow wp-block-column-is-layout-flow\">\n<figure class=\"wp-block-image size-large\"><img loading=\"lazy\" decoding=\"async\" width=\"1024\" height=\"683\" src=\"https:\/\/www.ecofarm-tayssir.com\/booking\/wp-content\/uploads\/2024\/11\/DSC_3275-1024x683.jpg\" alt=\"\" class=\"wp-image-1119\" srcset=\"https:\/\/www.ecofarm-tayssir.com\/booking\/wp-content\/uploads\/2024\/11\/DSC_3275-1024x683.jpg 1024w, https:\/\/www.ecofarm-tayssir.com\/booking\/wp-content\/uploads\/2024\/11\/DSC_3275-300x200.jpg 300w, https:\/\/www.ecofarm-tayssir.com\/booking\/wp-content\/uploads\/2024\/11\/DSC_3275-768x513.jpg 768w, https:\/\/www.ecofarm-tayssir.com\/booking\/wp-content\/uploads\/2024\/11\/DSC_3275-1536x1025.jpg 1536w, https:\/\/www.ecofarm-tayssir.com\/booking\/wp-content\/uploads\/2024\/11\/DSC_3275-2048x1367.jpg 2048w, https:\/\/www.ecofarm-tayssir.com\/booking\/wp-content\/uploads\/2024\/11\/DSC_3275-1170x781.jpg 1170w\" sizes=\"auto, (max-width: 1024px) 100vw, 1024px\" \/><\/figure>\n<\/div>\n\n\n\n<div class=\"wp-block-column is-layout-flow wp-block-column-is-layout-flow\">\n<figure class=\"wp-block-image size-large\"><img loading=\"lazy\" decoding=\"async\" width=\"1024\" height=\"683\" src=\"https:\/\/www.ecofarm-tayssir.com\/booking\/wp-content\/uploads\/2024\/11\/DSC_3172-1024x683.jpg\" alt=\"\" class=\"wp-image-1112\" srcset=\"https:\/\/www.ecofarm-tayssir.com\/booking\/wp-content\/uploads\/2024\/11\/DSC_3172-1024x683.jpg 1024w, https:\/\/www.ecofarm-tayssir.com\/booking\/wp-content\/uploads\/2024\/11\/DSC_3172-300x200.jpg 300w, https:\/\/www.ecofarm-tayssir.com\/booking\/wp-content\/uploads\/2024\/11\/DSC_3172-768x513.jpg 768w, https:\/\/www.ecofarm-tayssir.com\/booking\/wp-content\/uploads\/2024\/11\/DSC_3172-1536x1025.jpg 1536w, https:\/\/www.ecofarm-tayssir.com\/booking\/wp-content\/uploads\/2024\/11\/DSC_3172-2048x1367.jpg 2048w, https:\/\/www.ecofarm-tayssir.com\/booking\/wp-content\/uploads\/2024\/11\/DSC_3172-1170x781.jpg 1170w\" sizes=\"auto, (max-width: 1024px) 100vw, 1024px\" \/><\/figure>\n<\/div>\n<\/div>\n<\/div><\/div><\/div><\/div><\/div>\n\n\n\n<div class=\"wp-block-getwid-section alignfull alignfull getwid-margin-top-none getwid-margin-bottom-none\"><div class=\"wp-block-getwid-section__wrapper getwid-padding-top-none getwid-padding-bottom-none getwid-padding-left-medium getwid-padding-right-medium getwid-padding-mobile-left-small getwid-padding-mobile-right-small\"><div class=\"wp-block-getwid-section__inner-wrapper\"><div class=\"wp-block-getwid-section__background-holder\"><div class=\"wp-block-getwid-section__background\"><\/div><div class=\"wp-block-getwid-section__foreground\"><\/div><\/div><div class=\"wp-block-getwid-section__content\"><div class=\"wp-block-getwid-section__inner-content\">\n<div class=\"wp-block-columns has-2-columns is-layout-flex wp-container-core-columns-is-layout-9d6595d7 wp-block-columns-is-layout-flex\">\n<div class=\"wp-block-column is-layout-flow wp-block-column-is-layout-flow\">\n<div class=\"wp-block-getwid-advanced-heading is-style-style-1 has-custom-font-size\" style=\"font-size:12px;margin-bottom:0px\"><p class=\"wp-block-getwid-advanced-heading__content\" style=\"letter-spacing:0.1em\">DECOUVREZ LE CHARME DE ECOFARM TAYSSIR<\/p><\/div>\n\n\n\n<div class=\"wp-block-getwid-advanced-heading is-style-default\" style=\"margin-top:10px\"><h2 class=\"wp-block-getwid-advanced-heading__content\">Suites de luxe &amp; Appartement<\/h2><\/div>\n<\/div>\n\n\n\n<div class=\"wp-block-column is-layout-flow wp-block-column-is-layout-flow\">\n<p>Nos suites sont dispos\u00e9es aux premier, au deuxi\u00e8me \u00e9tage un appartement familial, il y a aussi une charmante terrasse ou solarium \u00e0 la disposition des clients, d\u2019o\u00f9 vous pourrez profiter de la vue magnifique. Une tasse de th\u00e9 ou de caf\u00e9, un livre pr\u00e9f\u00e9r\u00e9 sur la table et une vue \u00e0 couper le souffle devant vous &#8211; c\u2019est tout ce dont vous avez besoin pour vous d\u00e9tendre et ressentir les \u00e9motions d\u00e9licieuses de vos vacances.<\/p>\n<\/div>\n<\/div>\n<\/div><\/div><\/div><\/div><\/div>\n\n\n\n<div class=\"wp-block-getwid-section alignfull alignfull getwid-margin-top-none getwid-margin-bottom-none\"><div class=\"wp-block-getwid-section__wrapper getwid-padding-top-normal getwid-padding-bottom-normal getwid-padding-left-medium getwid-padding-right-medium getwid-padding-mobile-left-small getwid-padding-mobile-right-small\"><div class=\"wp-block-getwid-section__inner-wrapper\"><div class=\"wp-block-getwid-section__background-holder\"><div class=\"wp-block-getwid-section__background\"><\/div><div class=\"wp-block-getwid-section__foreground\"><\/div><\/div><div class=\"wp-block-getwid-section__content\"><div class=\"wp-block-getwid-section__inner-content\">\n<div class=\"wp-block-columns has-2-columns is-layout-flex wp-container-core-columns-is-layout-9d6595d7 wp-block-columns-is-layout-flex\">\n<div class=\"wp-block-column is-layout-flow wp-block-column-is-layout-flow\">\n<div class=\"wp-block-getwid-images-stack is-layout-zeta\"><div class=\"wp-block-getwid-images-stack__wrapper\"><div class=\"wp-block-getwid-images-stack__chunk\"><div class=\"wp-block-getwid-images-stack__media-wrapper\"><div class=\"wp-block-getwid-images-stack__media-inner-wrapper\"><img loading=\"lazy\" decoding=\"async\" width=\"2560\" height=\"1709\" class=\"wp-block-getwid-images-stack__media wp-image-1112\" src=\"https:\/\/www.ecofarm-tayssir.com\/booking\/wp-content\/uploads\/2024\/11\/DSC_3172-scaled.jpg\" data-id=\"1112\" data-link=\"https:\/\/www.ecofarm-tayssir.com\/booking\/our-gallery\/dsc_3172\/\" srcset=\"https:\/\/www.ecofarm-tayssir.com\/booking\/wp-content\/uploads\/2024\/11\/DSC_3172-scaled.jpg 2560w, https:\/\/www.ecofarm-tayssir.com\/booking\/wp-content\/uploads\/2024\/11\/DSC_3172-300x200.jpg 300w, https:\/\/www.ecofarm-tayssir.com\/booking\/wp-content\/uploads\/2024\/11\/DSC_3172-1024x683.jpg 1024w, https:\/\/www.ecofarm-tayssir.com\/booking\/wp-content\/uploads\/2024\/11\/DSC_3172-768x513.jpg 768w, https:\/\/www.ecofarm-tayssir.com\/booking\/wp-content\/uploads\/2024\/11\/DSC_3172-1536x1025.jpg 1536w, https:\/\/www.ecofarm-tayssir.com\/booking\/wp-content\/uploads\/2024\/11\/DSC_3172-2048x1367.jpg 2048w, https:\/\/www.ecofarm-tayssir.com\/booking\/wp-content\/uploads\/2024\/11\/DSC_3172-1170x781.jpg 1170w\" sizes=\"auto, (max-width: 2560px) 100vw, 2560px\" \/><\/div><\/div><div class=\"wp-block-getwid-images-stack__media-wrapper\"><div class=\"wp-block-getwid-images-stack__media-inner-wrapper\"><img loading=\"lazy\" decoding=\"async\" width=\"2560\" height=\"1709\" class=\"wp-block-getwid-images-stack__media wp-image-1113\" src=\"https:\/\/www.ecofarm-tayssir.com\/booking\/wp-content\/uploads\/2024\/11\/DSC_3262-scaled.jpg\" data-id=\"1113\" data-link=\"https:\/\/www.ecofarm-tayssir.com\/booking\/our-gallery\/dsc_3262\/\" srcset=\"https:\/\/www.ecofarm-tayssir.com\/booking\/wp-content\/uploads\/2024\/11\/DSC_3262-scaled.jpg 2560w, https:\/\/www.ecofarm-tayssir.com\/booking\/wp-content\/uploads\/2024\/11\/DSC_3262-300x200.jpg 300w, https:\/\/www.ecofarm-tayssir.com\/booking\/wp-content\/uploads\/2024\/11\/DSC_3262-1024x683.jpg 1024w, https:\/\/www.ecofarm-tayssir.com\/booking\/wp-content\/uploads\/2024\/11\/DSC_3262-768x513.jpg 768w, https:\/\/www.ecofarm-tayssir.com\/booking\/wp-content\/uploads\/2024\/11\/DSC_3262-1536x1025.jpg 1536w, https:\/\/www.ecofarm-tayssir.com\/booking\/wp-content\/uploads\/2024\/11\/DSC_3262-2048x1367.jpg 2048w, https:\/\/www.ecofarm-tayssir.com\/booking\/wp-content\/uploads\/2024\/11\/DSC_3262-1170x781.jpg 1170w\" sizes=\"auto, (max-width: 2560px) 100vw, 2560px\" \/><\/div><\/div><div class=\"wp-block-getwid-images-stack__media-wrapper\"><div class=\"wp-block-getwid-images-stack__media-inner-wrapper\"><img loading=\"lazy\" decoding=\"async\" width=\"1600\" height=\"1600\" class=\"wp-block-getwid-images-stack__media wp-image-1141\" src=\"https:\/\/www.ecofarm-tayssir.com\/booking\/wp-content\/uploads\/2024\/11\/R-3b.jpg\" data-id=\"1141\" data-link=\"https:\/\/www.ecofarm-tayssir.com\/booking\/accommodation\/appartement-premium\/r-3b\/\" srcset=\"https:\/\/www.ecofarm-tayssir.com\/booking\/wp-content\/uploads\/2024\/11\/R-3b.jpg 1600w, https:\/\/www.ecofarm-tayssir.com\/booking\/wp-content\/uploads\/2024\/11\/R-3b-300x300.jpg 300w, https:\/\/www.ecofarm-tayssir.com\/booking\/wp-content\/uploads\/2024\/11\/R-3b-1024x1024.jpg 1024w, https:\/\/www.ecofarm-tayssir.com\/booking\/wp-content\/uploads\/2024\/11\/R-3b-150x150.jpg 150w, https:\/\/www.ecofarm-tayssir.com\/booking\/wp-content\/uploads\/2024\/11\/R-3b-768x768.jpg 768w, https:\/\/www.ecofarm-tayssir.com\/booking\/wp-content\/uploads\/2024\/11\/R-3b-1536x1536.jpg 1536w, https:\/\/www.ecofarm-tayssir.com\/booking\/wp-content\/uploads\/2024\/11\/R-3b-1170x1170.jpg 1170w, https:\/\/www.ecofarm-tayssir.com\/booking\/wp-content\/uploads\/2024\/11\/R-3b-992x992.jpg 992w\" sizes=\"auto, (max-width: 1600px) 100vw, 1600px\" \/><\/div><\/div><\/div><\/div><\/div>\n<\/div>\n\n\n\n<div class=\"wp-block-column is-layout-flow wp-block-column-is-layout-flow\">\n<div class=\"wp-block-getwid-images-stack\"><div class=\"wp-block-getwid-images-stack__wrapper\"><div class=\"wp-block-getwid-images-stack__chunk\"><div class=\"wp-block-getwid-images-stack__media-wrapper\"><div class=\"wp-block-getwid-images-stack__media-inner-wrapper\"><img loading=\"lazy\" decoding=\"async\" width=\"1920\" height=\"1080\" class=\"wp-block-getwid-images-stack__media wp-image-1059\" src=\"https:\/\/www.ecofarm-tayssir.com\/booking\/wp-content\/uploads\/2024\/11\/animaux2-1920x1080-1.jpg\" data-id=\"1059\" data-link=\"https:\/\/www.ecofarm-tayssir.com\/booking\/home\/animaux2-1920x1080\/\" srcset=\"https:\/\/www.ecofarm-tayssir.com\/booking\/wp-content\/uploads\/2024\/11\/animaux2-1920x1080-1.jpg 1920w, https:\/\/www.ecofarm-tayssir.com\/booking\/wp-content\/uploads\/2024\/11\/animaux2-1920x1080-1-300x169.jpg 300w, https:\/\/www.ecofarm-tayssir.com\/booking\/wp-content\/uploads\/2024\/11\/animaux2-1920x1080-1-1024x576.jpg 1024w, https:\/\/www.ecofarm-tayssir.com\/booking\/wp-content\/uploads\/2024\/11\/animaux2-1920x1080-1-768x432.jpg 768w, https:\/\/www.ecofarm-tayssir.com\/booking\/wp-content\/uploads\/2024\/11\/animaux2-1920x1080-1-1536x864.jpg 1536w, https:\/\/www.ecofarm-tayssir.com\/booking\/wp-content\/uploads\/2024\/11\/animaux2-1920x1080-1-1170x658.jpg 1170w\" sizes=\"auto, (max-width: 1920px) 100vw, 1920px\" \/><\/div><\/div><div class=\"wp-block-getwid-images-stack__media-wrapper\"><div class=\"wp-block-getwid-images-stack__media-inner-wrapper\"><img loading=\"lazy\" decoding=\"async\" width=\"1920\" height=\"1080\" class=\"wp-block-getwid-images-stack__media wp-image-1073\" src=\"https:\/\/www.ecofarm-tayssir.com\/booking\/wp-content\/uploads\/2024\/11\/chambre01-1920x1080-1.jpg\" data-id=\"1073\" data-link=\"https:\/\/www.ecofarm-tayssir.com\/booking\/accommodation\/suites\/chambre01-1920x1080\/\" srcset=\"https:\/\/www.ecofarm-tayssir.com\/booking\/wp-content\/uploads\/2024\/11\/chambre01-1920x1080-1.jpg 1920w, https:\/\/www.ecofarm-tayssir.com\/booking\/wp-content\/uploads\/2024\/11\/chambre01-1920x1080-1-300x169.jpg 300w, https:\/\/www.ecofarm-tayssir.com\/booking\/wp-content\/uploads\/2024\/11\/chambre01-1920x1080-1-1024x576.jpg 1024w, https:\/\/www.ecofarm-tayssir.com\/booking\/wp-content\/uploads\/2024\/11\/chambre01-1920x1080-1-768x432.jpg 768w, https:\/\/www.ecofarm-tayssir.com\/booking\/wp-content\/uploads\/2024\/11\/chambre01-1920x1080-1-1536x864.jpg 1536w, https:\/\/www.ecofarm-tayssir.com\/booking\/wp-content\/uploads\/2024\/11\/chambre01-1920x1080-1-1170x658.jpg 1170w\" sizes=\"auto, (max-width: 1920px) 100vw, 1920px\" \/><\/div><\/div><div class=\"wp-block-getwid-images-stack__media-wrapper\"><div class=\"wp-block-getwid-images-stack__media-inner-wrapper\"><img loading=\"lazy\" decoding=\"async\" width=\"1600\" height=\"1600\" class=\"wp-block-getwid-images-stack__media wp-image-1139\" src=\"https:\/\/www.ecofarm-tayssir.com\/booking\/wp-content\/uploads\/2024\/11\/r2a.jpg\" data-id=\"1139\" data-link=\"https:\/\/www.ecofarm-tayssir.com\/booking\/accommodation\/appartement-premium\/r2a\/\" srcset=\"https:\/\/www.ecofarm-tayssir.com\/booking\/wp-content\/uploads\/2024\/11\/r2a.jpg 1600w, https:\/\/www.ecofarm-tayssir.com\/booking\/wp-content\/uploads\/2024\/11\/r2a-300x300.jpg 300w, https:\/\/www.ecofarm-tayssir.com\/booking\/wp-content\/uploads\/2024\/11\/r2a-1024x1024.jpg 1024w, https:\/\/www.ecofarm-tayssir.com\/booking\/wp-content\/uploads\/2024\/11\/r2a-150x150.jpg 150w, https:\/\/www.ecofarm-tayssir.com\/booking\/wp-content\/uploads\/2024\/11\/r2a-768x768.jpg 768w, https:\/\/www.ecofarm-tayssir.com\/booking\/wp-content\/uploads\/2024\/11\/r2a-1536x1536.jpg 1536w, https:\/\/www.ecofarm-tayssir.com\/booking\/wp-content\/uploads\/2024\/11\/r2a-1170x1170.jpg 1170w, https:\/\/www.ecofarm-tayssir.com\/booking\/wp-content\/uploads\/2024\/11\/r2a-992x992.jpg 992w\" sizes=\"auto, (max-width: 1600px) 100vw, 1600px\" \/><\/div><\/div><\/div><\/div><\/div>\n<\/div>\n<\/div>\n<\/div><\/div><\/div><\/div><\/div>\n\n\n\n<div class=\"wp-block-getwid-section alignfull alignfull getwid-margin-top-none getwid-margin-bottom-none\"><div class=\"wp-block-getwid-section__wrapper getwid-padding-top-none getwid-padding-bottom-none getwid-padding-left-medium getwid-padding-right-medium getwid-padding-mobile-left-small getwid-padding-mobile-right-small\"><div class=\"wp-block-getwid-section__inner-wrapper\"><div class=\"wp-block-getwid-section__background-holder\"><div class=\"wp-block-getwid-section__background\"><\/div><div class=\"wp-block-getwid-section__foreground\"><\/div><\/div><div class=\"wp-block-getwid-section__content\"><div class=\"wp-block-getwid-section__inner-content\">\n<div class=\"wp-block-columns has-2-columns is-layout-flex wp-container-core-columns-is-layout-9d6595d7 wp-block-columns-is-layout-flex\">\n<div class=\"wp-block-column is-layout-flow wp-block-column-is-layout-flow\">\n<div class=\"wp-block-getwid-advanced-heading is-style-style-1 has-custom-font-size\" style=\"font-size:12px;margin-bottom:0px\"><p class=\"wp-block-getwid-advanced-heading__content\" style=\"text-transform:uppercase;letter-spacing:0.1em\">un h\u00e9ritage riche au c\u0153ur de la nature<\/p><\/div>\n\n\n\n<div class=\"wp-block-getwid-advanced-heading is-style-default\" style=\"margin-top:10px\"><h2 class=\"wp-block-getwid-advanced-heading__content\">Histoire de la Ferme<\/h2><\/div>\n\n\n\n<div class=\"wp-block-getwid-section\"><div class=\"wp-block-getwid-section__wrapper\"><div class=\"wp-block-getwid-section__inner-wrapper\"><div class=\"wp-block-getwid-section__background-holder\"><div class=\"wp-block-getwid-section__background\"><\/div><div class=\"wp-block-getwid-section__foreground\"><\/div><\/div><div class=\"wp-block-getwid-section__content\"><div class=\"wp-block-getwid-section__inner-content\">\n<p class=\"has-grey-color has-text-color\"><em>l&rsquo;histoire de la ferme commence en 1995 le jour ou j&rsquo;ai achet\u00e9 ce terrain est j&rsquo;ai eu l&rsquo;id\u00e9e de construire un r\u00eave de vie tranquille et sain<\/em>&#8230;<\/p>\n\n\n\n<p><a href=\"#\">Continue la lecture<\/a><\/p>\n<\/div><\/div><\/div><\/div><\/div>\n<\/div>\n\n\n\n<div class=\"wp-block-column is-layout-flow wp-block-column-is-layout-flow\">\n<p>Ecofarme Tayssir a une histoire riche avec de nombreux faits et \u00e9v\u00e9nements int\u00e9ressants qui ont eu un impact sur sa cr\u00e9ation. Mais tout au long de sa formation, Ecofarme Tayssir a toujours \u00e9t\u00e9 appr\u00e9ci\u00e9e des visiteurs.<br>L\u2019histoire de ECOFERME TAYSSIR commence en 1995 lorsqu\u2019un Docteur de renomm\u00e9 amoureux de la nature nomm\u00e9 Docteur Yacoubi a achet\u00e9 un immense terrain pour r\u00e9aliser son r\u00eave d&rsquo;enfance &#8211; construire un endroit o\u00f9 les gens peuvent se d\u00e9tendre et oublier leurs probl\u00e8mes. \u00c0 partir de 2005, les plantations et les travaux actifs sur cette zone ont eu lieu et jusqu\u2019en 2020, le b\u00e2timent \u00e9tait termin\u00e9. Le nom de l\u2019h\u00f4tel provient du nom de la baraka et tayssir.<br>Depuis lors, l\u2019h\u00f4tel n\u2019a jamais perdu de sa popularit\u00e9 et n\u2019a fait que se d\u00e9velopper et augmenter en taille. Il est r\u00e9nov\u00e9 chaque ann\u00e9e et le propri\u00e9taire se soucient de l\u2019\u00e9tat du b\u00e2timent ainsi que des plantations. Il y a un endroit sp\u00e9cial dans notre h\u00f4tel o\u00f9 vous pouvez passer par toutes les \u00e9tapes de l\u2019\u00e9tablissement Ecofarm Tayssir et acqu\u00e9rir de nouvelles connaissances.<\/p>\n<\/div>\n<\/div>\n\n\n\n<hr class=\"wp-block-separator has-css-opacity is-style-wide\"\/>\n<\/div><\/div><\/div><\/div><\/div>\n\n\n\n<p><\/p>\n","protected":false},"excerpt":{"rendered":"<p>The Hotel Luviana is the right choice for visitors who are searching for a combination of charm, peace, quiet and a convenient position from where to explore surroundings.<\/p>\n","protected":false},"author":1,"featured_media":1140,"parent":0,"menu_order":0,"comment_status":"closed","ping_status":"closed","template":"","meta":{"inline_featured_image":false,"footnotes":""},"class_list":["post-228","page","type-page","status-publish","has-post-thumbnail","hentry"],"_links":{"self":[{"href":"https:\/\/www.ecofarm-tayssir.com\/booking\/wp-json\/wp\/v2\/pages\/228","targetHints":{"allow":["GET"]}}],"collection":[{"href":"https:\/\/www.ecofarm-tayssir.com\/booking\/wp-json\/wp\/v2\/pages"}],"about":[{"href":"https:\/\/www.ecofarm-tayssir.com\/booking\/wp-json\/wp\/v2\/types\/page"}],"author":[{"embeddable":true,"href":"https:\/\/www.ecofarm-tayssir.com\/booking\/wp-json\/wp\/v2\/users\/1"}],"replies":[{"embeddable":true,"href":"https:\/\/www.ecofarm-tayssir.com\/booking\/wp-json\/wp\/v2\/comments?post=228"}],"version-history":[{"count":5,"href":"https:\/\/www.ecofarm-tayssir.com\/booking\/wp-json\/wp\/v2\/pages\/228\/revisions"}],"predecessor-version":[{"id":1267,"href":"https:\/\/www.ecofarm-tayssir.com\/booking\/wp-json\/wp\/v2\/pages\/228\/revisions\/1267"}],"wp:featuredmedia":[{"embeddable":true,"href":"https:\/\/www.ecofarm-tayssir.com\/booking\/wp-json\/wp\/v2\/media\/1140"}],"wp:attachment":[{"href":"https:\/\/www.ecofarm-tayssir.com\/booking\/wp-json\/wp\/v2\/media?parent=228"}],"curies":[{"name":"wp","href":"https:\/\/api.w.org\/{rel}","templated":true}]}}