{"id":254,"date":"2024-06-12T09:36:41","date_gmt":"2024-06-12T08:36:41","guid":{"rendered":"https:\/\/themes.getmotopress.com\/luviana\/?page_id=254"},"modified":"2025-07-22T18:57:26","modified_gmt":"2025-07-22T17:57:26","slug":"restaurant","status":"publish","type":"page","link":"https:\/\/www.ecofarm-tayssir.com\/booking\/restaurant\/","title":{"rendered":"Restaurant"},"content":{"rendered":"\n<p>nous proposant pour nos cher h\u00f4te des diff\u00e9rentes plats a leurs choix et a la commande. pour d\u00e9crust\u00e9 nos fruits et l\u00e9gumes et nos produits de la ferme cultiv\u00e9 sur place bio et freche<\/p>\n\n\n\n<!--more-->\n\n\n\n<div class=\"wp-block-getwid-section alignfull alignfull has-inner-blocks-gap-none\"><div class=\"wp-block-getwid-section__wrapper getwid-padding-top-medium getwid-padding-bottom-none getwid-padding-left-medium getwid-padding-right-medium getwid-padding-mobile-left-small getwid-padding-mobile-right-small\"><div class=\"wp-block-getwid-section__inner-wrapper\"><div class=\"wp-block-getwid-section__background-holder\"><div class=\"wp-block-getwid-section__background\"><\/div><div class=\"wp-block-getwid-section__foreground\"><\/div><\/div><div class=\"wp-block-getwid-section__content\"><div class=\"wp-block-getwid-section__inner-content\">\n<div class=\"wp-block-getwid-image-box has-image-left has-text-left has-mobile-layout-column has-mobile-alignment-default\"><div style=\"margin-right:90px\" class=\"wp-block-getwid-image-box__image-container is-position-middle\"><div class=\"wp-block-getwid-image-box__image-wrapper\"><img loading=\"lazy\" decoding=\"async\" width=\"1024\" height=\"1024\" src=\"https:\/\/themes.getmotopress.com\/luviana\/wp-content\/uploads\/sites\/27\/2019\/07\/italian-kitchen-1024x1024.jpg\" alt=\"\" class=\"wp-block-getwid-image-box__image wp-image-588\" srcset=\"https:\/\/www.ecofarm-tayssir.com\/booking\/wp-content\/uploads\/2019\/07\/italian-kitchen-1024x1024.jpg 1024w, https:\/\/www.ecofarm-tayssir.com\/booking\/wp-content\/uploads\/2019\/07\/italian-kitchen-300x300.jpg 300w, https:\/\/www.ecofarm-tayssir.com\/booking\/wp-content\/uploads\/2019\/07\/italian-kitchen-150x150.jpg 150w, https:\/\/www.ecofarm-tayssir.com\/booking\/wp-content\/uploads\/2019\/07\/italian-kitchen-768x768.jpg 768w, https:\/\/www.ecofarm-tayssir.com\/booking\/wp-content\/uploads\/2019\/07\/italian-kitchen-1536x1536.jpg 1536w, https:\/\/www.ecofarm-tayssir.com\/booking\/wp-content\/uploads\/2019\/07\/italian-kitchen-1170x1170.jpg 1170w, https:\/\/www.ecofarm-tayssir.com\/booking\/wp-content\/uploads\/2019\/07\/italian-kitchen-992x992.jpg 992w, https:\/\/www.ecofarm-tayssir.com\/booking\/wp-content\/uploads\/2019\/07\/italian-kitchen.jpg 1600w\" sizes=\"auto, (max-width: 1024px) 100vw, 1024px\" \/><\/div><\/div><div class=\"wp-block-getwid-image-box__content\">\n<div class=\"wp-block-getwid-advanced-heading\" style=\"margin-bottom:30px\"><h2 class=\"wp-block-getwid-advanced-heading__content\">Cuisine Marocain<\/h2><\/div>\n\n\n\n<div class=\"wp-block-getwid-price-list\"> <div class=\"wp-block-getwid-price-list__content-wrapper\"><div class=\"wp-block-getwid-price-list__header\"><h5 class=\"wp-block-getwid-price-list__title\">Couscous <img loading=\"lazy\" decoding=\"async\" width=\"97\" height=\"15\" class=\"wp-image-892\" style=\"width: 97px;\" src=\"https:\/\/www.ecofarm-tayssir.com\/booking\/wp-content\/uploads\/2019\/07\/recommended.png\" alt=\"\"><\/h5><div class=\"wp-block-getwid-price-list__price-line\"><\/div><div class=\"wp-block-getwid-price-list__price-wrapper\"><h5 class=\"wp-block-getwid-price-list__amount\">150.00<\/h5><\/div><\/div><p class=\"wp-block-getwid-price-list__description\">An egg noodle stuffed with beef and chicken, baked with meat sauce and cream sauce. <\/p><\/div><\/div>\n\n\n\n<div class=\"wp-block-getwid-price-list\"> <div class=\"wp-block-getwid-price-list__content-wrapper\"><div class=\"wp-block-getwid-price-list__header\"><h5 class=\"wp-block-getwid-price-list__title\">Mechoui<\/h5><div class=\"wp-block-getwid-price-list__price-line\"><\/div><div class=\"wp-block-getwid-price-list__price-wrapper\"><h5 class=\"wp-block-getwid-price-list__amount\">130.50<\/h5><\/div><\/div><p class=\"wp-block-getwid-price-list__description\">Baked eggplant, tomato sauce, Mozzarella and Parmesan cheese.<\/p><\/div><\/div>\n\n\n\n<div class=\"wp-block-getwid-price-list\"> <div class=\"wp-block-getwid-price-list__content-wrapper\"><div class=\"wp-block-getwid-price-list__header\"><h5 class=\"wp-block-getwid-price-list__title\">Salades<\/h5><div class=\"wp-block-getwid-price-list__price-line\"><\/div><div class=\"wp-block-getwid-price-list__price-wrapper\"><h5 class=\"wp-block-getwid-price-list__amount\">180.00<\/h5><\/div><\/div><p class=\"wp-block-getwid-price-list__description\">Homemade marinated salmon, assorted lettuce and tuna dressing. <\/p><\/div><\/div>\n\n\n\n<div style=\"height:20px\" aria-hidden=\"true\" class=\"wp-block-spacer\"><\/div>\n\n\n\n<div class=\"wp-block-button is-style-link\"><a class=\"wp-block-button__link wp-element-button\" href=\"#\">Read More<\/a><\/div>\n<\/div><\/div>\n\n\n\n<div class=\"wp-block-getwid-image-box has-image-right has-text-left has-mobile-layout-column has-mobile-alignment-default\"><div style=\"margin-left:90px\" class=\"wp-block-getwid-image-box__image-container is-position-middle\"><div class=\"wp-block-getwid-image-box__image-wrapper\"><img loading=\"lazy\" decoding=\"async\" width=\"1024\" height=\"1024\" src=\"https:\/\/themes.getmotopress.com\/luviana\/wp-content\/uploads\/sites\/27\/2019\/07\/mexican-kitchen-1024x1024.jpg\" alt=\"\" class=\"wp-block-getwid-image-box__image wp-image-586\" srcset=\"https:\/\/www.ecofarm-tayssir.com\/booking\/wp-content\/uploads\/2019\/07\/mexican-kitchen-1024x1024.jpg 1024w, https:\/\/www.ecofarm-tayssir.com\/booking\/wp-content\/uploads\/2019\/07\/mexican-kitchen-300x300.jpg 300w, https:\/\/www.ecofarm-tayssir.com\/booking\/wp-content\/uploads\/2019\/07\/mexican-kitchen-150x150.jpg 150w, https:\/\/www.ecofarm-tayssir.com\/booking\/wp-content\/uploads\/2019\/07\/mexican-kitchen-768x768.jpg 768w, https:\/\/www.ecofarm-tayssir.com\/booking\/wp-content\/uploads\/2019\/07\/mexican-kitchen-1536x1536.jpg 1536w, https:\/\/www.ecofarm-tayssir.com\/booking\/wp-content\/uploads\/2019\/07\/mexican-kitchen-1170x1170.jpg 1170w, https:\/\/www.ecofarm-tayssir.com\/booking\/wp-content\/uploads\/2019\/07\/mexican-kitchen-992x992.jpg 992w, https:\/\/www.ecofarm-tayssir.com\/booking\/wp-content\/uploads\/2019\/07\/mexican-kitchen.jpg 1600w\" sizes=\"auto, (max-width: 1024px) 100vw, 1024px\" \/><\/div><\/div><div class=\"wp-block-getwid-image-box__content\">\n<div class=\"wp-block-getwid-advanced-heading\" style=\"margin-bottom:30px\"><h2 class=\"wp-block-getwid-advanced-heading__content\">Cuisine Berb\u00e8re<\/h2><\/div>\n\n\n\n<div class=\"wp-block-getwid-price-list\"> <div class=\"wp-block-getwid-price-list__content-wrapper\"><div class=\"wp-block-getwid-price-list__header\"><h5 class=\"wp-block-getwid-price-list__title\">Seffa <\/h5><div class=\"wp-block-getwid-price-list__price-line\"><\/div><div class=\"wp-block-getwid-price-list__price-wrapper\"><h5 class=\"wp-block-getwid-price-list__amount\">14.90<\/h5><\/div><\/div><p class=\"wp-block-getwid-price-list__description\">One chile relleno &amp; one cheese, chicken, taco with rice &amp; beams.<\/p><\/div><\/div>\n\n\n\n<div class=\"wp-block-getwid-price-list\"> <div class=\"wp-block-getwid-price-list__content-wrapper\"><div class=\"wp-block-getwid-price-list__header\"><h5 class=\"wp-block-getwid-price-list__title\">Tajine <img loading=\"lazy\" decoding=\"async\" width=\"97\" height=\"15\" class=\"wp-image-892\" style=\"width: 97px;\" src=\"https:\/\/www.ecofarm-tayssir.com\/booking\/wp-content\/uploads\/2019\/07\/recommended.png\" alt=\"\"><\/h5><div class=\"wp-block-getwid-price-list__price-line\"><\/div><div class=\"wp-block-getwid-price-list__price-wrapper\"><h5 class=\"wp-block-getwid-price-list__amount\">18.00<\/h5><\/div><\/div><p class=\"wp-block-getwid-price-list__description\">Shrimp enchifadas with green sauce, rice, beans, guacamole &amp; sour cream. <\/p><\/div><\/div>\n\n\n\n<div class=\"wp-block-getwid-price-list\"> <div class=\"wp-block-getwid-price-list__content-wrapper\"><div class=\"wp-block-getwid-price-list__header\"><h5 class=\"wp-block-getwid-price-list__title\">Harira<\/h5><div class=\"wp-block-getwid-price-list__price-line\"><\/div><div class=\"wp-block-getwid-price-list__price-wrapper\"><h5 class=\"wp-block-getwid-price-list__amount\">13.00<\/h5><\/div><\/div><p class=\"wp-block-getwid-price-list__description\">Two mahi fish tacos with rise, beans, pastor oil.<\/p><\/div><\/div>\n\n\n\n<div style=\"height:20px\" aria-hidden=\"true\" class=\"wp-block-spacer\"><\/div>\n\n\n\n<div class=\"wp-block-button is-style-link\"><a class=\"wp-block-button__link wp-element-button\" href=\"#\">Read More<\/a><\/div>\n<\/div><\/div>\n\n\n\n<div class=\"wp-block-getwid-image-box has-image-left has-text-left has-mobile-layout-column has-mobile-alignment-default\"><div style=\"margin-right:90px\" class=\"wp-block-getwid-image-box__image-container is-position-middle\"><div class=\"wp-block-getwid-image-box__image-wrapper\"><img loading=\"lazy\" decoding=\"async\" width=\"1024\" height=\"1024\" src=\"https:\/\/themes.getmotopress.com\/luviana\/wp-content\/uploads\/sites\/27\/2019\/07\/japanise-kitchen-1024x1024.jpg\" alt=\"\" class=\"wp-block-getwid-image-box__image wp-image-587\" srcset=\"https:\/\/www.ecofarm-tayssir.com\/booking\/wp-content\/uploads\/2019\/07\/japanise-kitchen-1024x1024.jpg 1024w, https:\/\/www.ecofarm-tayssir.com\/booking\/wp-content\/uploads\/2019\/07\/japanise-kitchen-300x300.jpg 300w, https:\/\/www.ecofarm-tayssir.com\/booking\/wp-content\/uploads\/2019\/07\/japanise-kitchen-150x150.jpg 150w, https:\/\/www.ecofarm-tayssir.com\/booking\/wp-content\/uploads\/2019\/07\/japanise-kitchen-768x768.jpg 768w, https:\/\/www.ecofarm-tayssir.com\/booking\/wp-content\/uploads\/2019\/07\/japanise-kitchen-1536x1536.jpg 1536w, https:\/\/www.ecofarm-tayssir.com\/booking\/wp-content\/uploads\/2019\/07\/japanise-kitchen-1170x1170.jpg 1170w, https:\/\/www.ecofarm-tayssir.com\/booking\/wp-content\/uploads\/2019\/07\/japanise-kitchen-992x992.jpg 992w, https:\/\/www.ecofarm-tayssir.com\/booking\/wp-content\/uploads\/2019\/07\/japanise-kitchen.jpg 1600w\" sizes=\"auto, (max-width: 1024px) 100vw, 1024px\" \/><\/div><\/div><div class=\"wp-block-getwid-image-box__content\">\n<div class=\"wp-block-getwid-advanced-heading\" style=\"margin-bottom:30px\"><h2 class=\"wp-block-getwid-advanced-heading__content\">Cuisine Europ\u00e9enne<\/h2><\/div>\n\n\n\n<div class=\"wp-block-getwid-price-list\"> <div class=\"wp-block-getwid-price-list__content-wrapper\"><div class=\"wp-block-getwid-price-list__header\"><h5 class=\"wp-block-getwid-price-list__title\">Sukiyaki Beef with Rice<\/h5><div class=\"wp-block-getwid-price-list__price-line\"><\/div><div class=\"wp-block-getwid-price-list__price-wrapper\"><h5 class=\"wp-block-getwid-price-list__amount\">15.00<\/h5><\/div><\/div><p class=\"wp-block-getwid-price-list__description\">Sliced Beef Cooked in Sake Sauce on Rice <\/p><\/div><\/div>\n\n\n\n<div class=\"wp-block-getwid-price-list\"> <div class=\"wp-block-getwid-price-list__content-wrapper\"><div class=\"wp-block-getwid-price-list__header\"><h5 class=\"wp-block-getwid-price-list__title\">Gyo Don<\/h5><div class=\"wp-block-getwid-price-list__price-line\"><\/div><div class=\"wp-block-getwid-price-list__price-wrapper\"><h5 class=\"wp-block-getwid-price-list__amount\">17.00<\/h5><\/div><\/div><p class=\"wp-block-getwid-price-list__description\">Pan Grilled SlicedBeef with Terriaki Sauce on Rice<\/p><\/div><\/div>\n\n\n\n<div class=\"wp-block-getwid-price-list\"> <div class=\"wp-block-getwid-price-list__content-wrapper\"><div class=\"wp-block-getwid-price-list__header\"><h5 class=\"wp-block-getwid-price-list__title\">Chicken Curry Don <img loading=\"lazy\" decoding=\"async\" width=\"97\" height=\"15\" class=\"wp-image-892\" style=\"width: 97px;\" src=\"https:\/\/www.ecofarm-tayssir.com\/booking\/wp-content\/uploads\/2019\/07\/recommended.png\" alt=\"\"><\/h5><div class=\"wp-block-getwid-price-list__price-line\"><\/div><div class=\"wp-block-getwid-price-list__price-wrapper\"><h5 class=\"wp-block-getwid-price-list__amount\">13.00<\/h5><\/div><\/div><p class=\"wp-block-getwid-price-list__description\">Pan Grilled Chicken with Curry on Rice<\/p><\/div><\/div>\n\n\n\n<div style=\"height:20px\" aria-hidden=\"true\" class=\"wp-block-spacer\"><\/div>\n\n\n\n<div class=\"wp-block-button is-style-link\"><a class=\"wp-block-button__link wp-element-button\" href=\"#\">Read More<\/a><\/div>\n<\/div><\/div>\n\n\n\n<div class=\"wp-block-getwid-image-box has-image-right has-text-left has-mobile-layout-column has-mobile-alignment-default\"><div style=\"margin-left:90px\" class=\"wp-block-getwid-image-box__image-container is-position-middle\"><div class=\"wp-block-getwid-image-box__image-wrapper\"><img loading=\"lazy\" decoding=\"async\" width=\"1024\" height=\"1024\" src=\"https:\/\/themes.getmotopress.com\/luviana\/wp-content\/uploads\/sites\/27\/2019\/07\/indian-kitchen-1024x1024.jpg\" alt=\"\" class=\"wp-block-getwid-image-box__image wp-image-589\" srcset=\"https:\/\/www.ecofarm-tayssir.com\/booking\/wp-content\/uploads\/2019\/07\/indian-kitchen-1024x1024.jpg 1024w, https:\/\/www.ecofarm-tayssir.com\/booking\/wp-content\/uploads\/2019\/07\/indian-kitchen-300x300.jpg 300w, https:\/\/www.ecofarm-tayssir.com\/booking\/wp-content\/uploads\/2019\/07\/indian-kitchen-150x150.jpg 150w, https:\/\/www.ecofarm-tayssir.com\/booking\/wp-content\/uploads\/2019\/07\/indian-kitchen-768x768.jpg 768w, https:\/\/www.ecofarm-tayssir.com\/booking\/wp-content\/uploads\/2019\/07\/indian-kitchen-1536x1536.jpg 1536w, https:\/\/www.ecofarm-tayssir.com\/booking\/wp-content\/uploads\/2019\/07\/indian-kitchen-1170x1170.jpg 1170w, https:\/\/www.ecofarm-tayssir.com\/booking\/wp-content\/uploads\/2019\/07\/indian-kitchen-992x992.jpg 992w, https:\/\/www.ecofarm-tayssir.com\/booking\/wp-content\/uploads\/2019\/07\/indian-kitchen.jpg 1600w\" sizes=\"auto, (max-width: 1024px) 100vw, 1024px\" \/><\/div><\/div><div class=\"wp-block-getwid-image-box__content\">\n<div class=\"wp-block-getwid-advanced-heading\" style=\"margin-bottom:30px\"><h2 class=\"wp-block-getwid-advanced-heading__content\">Cuisine Italienne<\/h2><\/div>\n\n\n\n<div class=\"wp-block-getwid-price-list\"> <div class=\"wp-block-getwid-price-list__content-wrapper\"><div class=\"wp-block-getwid-price-list__header\"><h5 class=\"wp-block-getwid-price-list__title\">Lamb Biryani <img loading=\"lazy\" decoding=\"async\" width=\"97\" height=\"15\" class=\"wp-image-892\" style=\"width: 97px;\" src=\"https:\/\/www.ecofarm-tayssir.com\/booking\/wp-content\/uploads\/2019\/07\/recommended.png\" alt=\"\"><\/h5><div class=\"wp-block-getwid-price-list__price-line\"><\/div><div class=\"wp-block-getwid-price-list__price-wrapper\"><h5 class=\"wp-block-getwid-price-list__amount\">15.00<\/h5><\/div><\/div><p class=\"wp-block-getwid-price-list__description\">Roasted Lamb, Vegetables, Basmali Rice, Cashews<\/p><\/div><\/div>\n\n\n\n<div class=\"wp-block-getwid-price-list\"> <div class=\"wp-block-getwid-price-list__content-wrapper\"><div class=\"wp-block-getwid-price-list__header\"><h5 class=\"wp-block-getwid-price-list__title\">Beef Tandoori<\/h5><div class=\"wp-block-getwid-price-list__price-line\"><\/div><div class=\"wp-block-getwid-price-list__price-wrapper\"><h5 class=\"wp-block-getwid-price-list__amount\">12.95<\/h5><\/div><\/div><p class=\"wp-block-getwid-price-list__description\">Marinade, Beef, Onion, Spice<\/p><\/div><\/div>\n\n\n\n<div class=\"wp-block-getwid-price-list\"> <div class=\"wp-block-getwid-price-list__content-wrapper\"><div class=\"wp-block-getwid-price-list__header\"><h5 class=\"wp-block-getwid-price-list__title\">Shrimp Tandoori<\/h5><div class=\"wp-block-getwid-price-list__price-line\"><\/div><div class=\"wp-block-getwid-price-list__price-wrapper\"><h5 class=\"wp-block-getwid-price-list__amount\">13.95<\/h5><\/div><\/div><p class=\"wp-block-getwid-price-list__description\">Lumbo Shrimp, Marinade, Spice, Cashews<\/p><\/div><\/div>\n\n\n\n<div style=\"height:20px\" aria-hidden=\"true\" class=\"wp-block-spacer\"><\/div>\n\n\n\n<div class=\"wp-block-button is-style-link\"><a class=\"wp-block-button__link wp-element-button\" href=\"#\">Read More<\/a><\/div>\n<\/div><\/div>\n<\/div><\/div><\/div><\/div><\/div>\n","protected":false},"excerpt":{"rendered":"<p>Indulge your taste buds at our Luviana restaurant and bar. Request what you want and our professional chefs will cook for you. Enjoy your food with wonderful view from restaurants terrace. <\/p>\n","protected":false},"author":1,"featured_media":584,"parent":0,"menu_order":0,"comment_status":"closed","ping_status":"closed","template":"","meta":{"inline_featured_image":false,"footnotes":""},"class_list":["post-254","page","type-page","status-publish","has-post-thumbnail","hentry"],"_links":{"self":[{"href":"https:\/\/www.ecofarm-tayssir.com\/booking\/wp-json\/wp\/v2\/pages\/254","targetHints":{"allow":["GET"]}}],"collection":[{"href":"https:\/\/www.ecofarm-tayssir.com\/booking\/wp-json\/wp\/v2\/pages"}],"about":[{"href":"https:\/\/www.ecofarm-tayssir.com\/booking\/wp-json\/wp\/v2\/types\/page"}],"author":[{"embeddable":true,"href":"https:\/\/www.ecofarm-tayssir.com\/booking\/wp-json\/wp\/v2\/users\/1"}],"replies":[{"embeddable":true,"href":"https:\/\/www.ecofarm-tayssir.com\/booking\/wp-json\/wp\/v2\/comments?post=254"}],"version-history":[{"count":2,"href":"https:\/\/www.ecofarm-tayssir.com\/booking\/wp-json\/wp\/v2\/pages\/254\/revisions"}],"predecessor-version":[{"id":1134,"href":"https:\/\/www.ecofarm-tayssir.com\/booking\/wp-json\/wp\/v2\/pages\/254\/revisions\/1134"}],"wp:featuredmedia":[{"embeddable":true,"href":"https:\/\/www.ecofarm-tayssir.com\/booking\/wp-json\/wp\/v2\/media\/584"}],"wp:attachment":[{"href":"https:\/\/www.ecofarm-tayssir.com\/booking\/wp-json\/wp\/v2\/media?parent=254"}],"curies":[{"name":"wp","href":"https:\/\/api.w.org\/{rel}","templated":true}]}}