{"id":275,"date":"2024-06-12T11:33:03","date_gmt":"2024-06-12T09:33:03","guid":{"rendered":"https:\/\/themes.getmotopress.com\/luviana\/?page_id=275"},"modified":"2024-12-03T19:45:36","modified_gmt":"2024-12-03T18:45:36","slug":"ecofarm-hotel-services","status":"publish","type":"page","link":"https:\/\/www.ecofarm-tayssir.com\/booking\/ecofarm-hotel-services\/","title":{"rendered":"Ecofarm Services"},"content":{"rendered":"\n<p>Nous proposons une multitude d&rsquo;offres qui pourraient vous int\u00e9resser. Dans notre ferme \u00e9cologique, nous vous proposerons toutes sortes de divertissements en tenant compte de vos souhaits. Vous pourrez profiter de visites guid\u00e9es, d&rsquo;excursions, d&rsquo;expositions et de salons professionnels qui vous fascineront !<\/p>\n\n\n\n<!--more-->\n\n\n\n<div style=\"height:50px\" aria-hidden=\"true\" class=\"wp-block-spacer\"><\/div>\n\n\n\n<div class=\"wp-block-getwid-section alignfull alignfull getwid-margin-top-none getwid-margin-bottom-none\"><div class=\"wp-block-getwid-section__wrapper getwid-padding-top-none getwid-padding-bottom-normal getwid-padding-left-medium getwid-padding-right-medium getwid-padding-mobile-left-small getwid-padding-mobile-right-small\"><div class=\"wp-block-getwid-section__inner-wrapper\"><div class=\"wp-block-getwid-section__background-holder\"><div class=\"wp-block-getwid-section__background\"><\/div><div class=\"wp-block-getwid-section__foreground\"><\/div><\/div><div class=\"wp-block-getwid-section__content\"><div class=\"wp-block-getwid-section__inner-content\">\n<div class=\"wp-block-columns has-3-columns is-layout-flex wp-container-core-columns-is-layout-9d6595d7 wp-block-columns-is-layout-flex\">\n<div class=\"wp-block-column is-layout-flow wp-block-column-is-layout-flow\">\n<div class=\"wp-block-getwid-icon-box has-text-center\"><div style=\"margin-bottom:0px\" class=\"wp-block-getwid-icon-box__icon-container is-position-top\"><div class=\"wp-block-getwid-icon-box__icon-wrapper has-text-color has-gold-color\" style=\"font-size:60px;padding:0px\"><i class=\"hotel-ico hotel-icon-24\"><\/i><\/div><\/div><div class=\"wp-block-getwid-icon-box__content\">\n<div class=\"wp-block-getwid-advanced-heading\" style=\"margin-bottom:20px\"><h4 class=\"wp-block-getwid-advanced-heading__content\">Piscine Gratuit<\/h4><\/div>\n\n\n\n<p>Vous pouvez passer du temps \u00e0 nager dans la piscine que nous mettons \u00e0 votre disposition. Des serviettes, des peignoirs et des chaussons vous seront remis \u00e0 l&rsquo;entr\u00e9e..<\/p>\n<\/div><\/div>\n\n\n\n<div class=\"wp-block-button is-style-link aligncenter\"><a class=\"wp-block-button__link wp-element-button\" href=\"#\">Read more<\/a><\/div>\n<\/div>\n\n\n\n<div class=\"wp-block-column is-layout-flow wp-block-column-is-layout-flow\">\n<div class=\"wp-block-getwid-icon-box has-text-center\"><div style=\"margin-bottom:0px\" class=\"wp-block-getwid-icon-box__icon-container is-position-top\"><div class=\"wp-block-getwid-icon-box__icon-wrapper has-text-color has-gold-color\" style=\"font-size:60px;padding:0px\"><i class=\"hotel-ico hotel-icon-21\"><\/i><\/div><\/div><div class=\"wp-block-getwid-icon-box__content\">\n<div class=\"wp-block-getwid-advanced-heading\" style=\"margin-bottom:20px\"><h4 class=\"wp-block-getwid-advanced-heading__content\">Acc\u00e8s Wifi <\/h4><\/div>\n\n\n\n<p>Profitez du Wi-Fi gratuit dans toute la ferme pour rester connect\u00e9 \u00e0 vos proches et amis pendant votre s\u00e9jour.<\/p>\n<\/div><\/div>\n\n\n\n<div class=\"wp-block-button is-style-link aligncenter\"><a class=\"wp-block-button__link wp-element-button\" href=\"#\">Read more<\/a><\/div>\n<\/div>\n\n\n\n<div class=\"wp-block-column is-layout-flow wp-block-column-is-layout-flow\">\n<div class=\"wp-block-getwid-icon-box has-text-center\"><div style=\"margin-bottom:0px\" class=\"wp-block-getwid-icon-box__icon-container is-position-top\"><div class=\"wp-block-getwid-icon-box__icon-wrapper has-text-color has-gold-color\" style=\"font-size:60px;padding:0px\"><i class=\"hotel-ico hotel-icon-31\"><\/i><\/div><\/div><div class=\"wp-block-getwid-icon-box__content\">\n<div class=\"wp-block-getwid-advanced-heading\" style=\"margin-bottom:20px\"><h4 class=\"wp-block-getwid-advanced-heading__content\">Salle de sport priv\u00e9<\/h4><\/div>\n\n\n\n<p>Profitez de notre salle de sport, accessible gratuitement \u00e0 tous nos clients, pour vous entra\u00eener pendant votre s\u00e9jour<\/p>\n<\/div><\/div>\n\n\n\n<div class=\"wp-block-button is-style-link aligncenter\"><a class=\"wp-block-button__link wp-element-button\" href=\"#\">Read more<\/a><\/div>\n<\/div>\n<\/div>\n<\/div><\/div><\/div><\/div><\/div>\n\n\n\n<div class=\"wp-block-getwid-section alignfull alignfull getwid-margin-top-none getwid-margin-bottom-none\"><div class=\"wp-block-getwid-section__wrapper getwid-padding-top-none getwid-padding-bottom-large getwid-padding-left-medium getwid-padding-right-medium getwid-padding-mobile-left-small getwid-padding-mobile-right-small\"><div class=\"wp-block-getwid-section__inner-wrapper\"><div class=\"wp-block-getwid-section__background-holder\"><div class=\"wp-block-getwid-section__background\"><\/div><div class=\"wp-block-getwid-section__foreground\"><\/div><\/div><div class=\"wp-block-getwid-section__content\"><div class=\"wp-block-getwid-section__inner-content\">\n<div class=\"wp-block-columns has-2-columns is-layout-flex wp-container-core-columns-is-layout-9d6595d7 wp-block-columns-is-layout-flex\">\n<div class=\"wp-block-column is-layout-flow wp-block-column-is-layout-flow\">\n<div class=\"wp-block-getwid-banner has-animation-style4 has-text-animation-opacity-bottom has-foreground-0\"><a href=\"#\" class=\"wp-block-getwid-banner__link\"><div class=\"wp-block-getwid-banner__wrapper\"><img loading=\"lazy\" decoding=\"async\" width=\"1024\" height=\"719\" src=\"https:\/\/themes.getmotopress.com\/luviana\/wp-content\/uploads\/sites\/27\/2019\/07\/surfing-lessons-1024x719.jpg\" alt=\"\" class=\"wp-block-getwid-banner__image wp-block-getwid-banner__source wp-image-509\" srcset=\"https:\/\/www.ecofarm-tayssir.com\/booking\/wp-content\/uploads\/2019\/07\/surfing-lessons-1024x719.jpg 1024w, https:\/\/www.ecofarm-tayssir.com\/booking\/wp-content\/uploads\/2019\/07\/surfing-lessons-300x211.jpg 300w, https:\/\/www.ecofarm-tayssir.com\/booking\/wp-content\/uploads\/2019\/07\/surfing-lessons-768x539.jpg 768w, https:\/\/www.ecofarm-tayssir.com\/booking\/wp-content\/uploads\/2019\/07\/surfing-lessons-1536x1078.jpg 1536w, https:\/\/www.ecofarm-tayssir.com\/booking\/wp-content\/uploads\/2019\/07\/surfing-lessons-1170x821.jpg 1170w, https:\/\/www.ecofarm-tayssir.com\/booking\/wp-content\/uploads\/2019\/07\/surfing-lessons.jpg 1600w\" sizes=\"auto, (max-width: 1024px) 100vw, 1024px\" \/><div class=\"wp-block-getwid-banner__caption\"><div class=\"wp-block-getwid-banner__caption-wrapper\"><span class=\"wp-block-getwid-banner__title\"><strong>Journ\u00e9e surf \u00e0 Essaouira<\/strong><\/span><p class=\"wp-block-getwid-banner__text\">Ma\u00eetrisez une nouvelle activit\u00e9 et domptez les vagues d&rsquo;Essaouira avec notre guide professionnel. <\/p><\/div><\/div><\/div><\/a><\/div>\n<\/div>\n\n\n\n<div class=\"wp-block-column is-layout-flow wp-block-column-is-layout-flow\">\n<div class=\"wp-block-getwid-banner has-animation-style4 has-text-animation-opacity-bottom\"><a href=\"#\" class=\"wp-block-getwid-banner__link\"><div class=\"wp-block-getwid-banner__wrapper\"><img loading=\"lazy\" decoding=\"async\" width=\"1920\" height=\"1080\" src=\"https:\/\/www.ecofarm-tayssir.com\/booking\/wp-content\/uploads\/2024\/11\/animaux2-1920x1080-1.jpg\" alt=\"\" class=\"wp-block-getwid-banner__image wp-block-getwid-banner__source wp-image-1059\" srcset=\"https:\/\/www.ecofarm-tayssir.com\/booking\/wp-content\/uploads\/2024\/11\/animaux2-1920x1080-1.jpg 1920w, https:\/\/www.ecofarm-tayssir.com\/booking\/wp-content\/uploads\/2024\/11\/animaux2-1920x1080-1-300x169.jpg 300w, https:\/\/www.ecofarm-tayssir.com\/booking\/wp-content\/uploads\/2024\/11\/animaux2-1920x1080-1-1024x576.jpg 1024w, https:\/\/www.ecofarm-tayssir.com\/booking\/wp-content\/uploads\/2024\/11\/animaux2-1920x1080-1-768x432.jpg 768w, https:\/\/www.ecofarm-tayssir.com\/booking\/wp-content\/uploads\/2024\/11\/animaux2-1920x1080-1-1536x864.jpg 1536w, https:\/\/www.ecofarm-tayssir.com\/booking\/wp-content\/uploads\/2024\/11\/animaux2-1920x1080-1-1170x658.jpg 1170w\" sizes=\"auto, (max-width: 1920px) 100vw, 1920px\" \/><div class=\"wp-block-getwid-banner__caption\"><div class=\"wp-block-getwid-banner__caption-wrapper\"><span class=\"wp-block-getwid-banner__title\">Valais de l&rsquo;Ourika<\/span><p class=\"wp-block-getwid-banner__text\">Notre ami Mohamed pourras organiser pour vous des excursions a volet\u00e9 dans la vall\u00e9e de l&rsquo;Ourika jusqu&rsquo;au sommet de l&rsquo;OUKAYEMDEN<\/p><\/div><\/div><\/div><\/a><\/div>\n<\/div>\n<\/div>\n<\/div><\/div><\/div><\/div><\/div>\n\n\n\n<div class=\"wp-block-getwid-section alignfull alignfull getwid-margin-top-none getwid-margin-bottom-none\"><div class=\"wp-block-getwid-section__wrapper getwid-padding-top-none getwid-padding-bottom-none getwid-padding-left-medium getwid-padding-right-medium getwid-padding-mobile-left-small getwid-padding-mobile-right-small\"><div class=\"wp-block-getwid-section__inner-wrapper\"><div class=\"wp-block-getwid-section__background-holder\"><div class=\"wp-block-getwid-section__background\" style=\"background-image:url('https:\/\/www.ecofarm-tayssir.com\/booking\/wp-content\/uploads\/2019\/06\/entree3-1920x1080-1.jpg')\"><div class=\"wp-block-getwid-section__background-image-wrapper\"><img decoding=\"async\" class=\"wp-block-getwid-section__background-image\" src=\"https:\/\/www.ecofarm-tayssir.com\/booking\/wp-content\/uploads\/2019\/06\/entree3-1920x1080-1.jpg\" alt=\"\"\/><\/div><\/div><div class=\"wp-block-getwid-section__foreground\"><\/div><\/div><div class=\"wp-block-getwid-section__content\"><div class=\"wp-block-getwid-section__inner-content\">\n<div class=\"wp-block-getwid-section\" style=\"margin-top:-60px;margin-bottom:-60px\"><div class=\"wp-block-getwid-section__wrapper getwid-padding-left-normal getwid-padding-right-normal getwid-margin-tablet-right-none\" style=\"margin-right:50%;padding-top:109px;padding-bottom:110px\"><div class=\"wp-block-getwid-section__inner-wrapper\"><div class=\"wp-block-getwid-section__background-holder\"><div class=\"wp-block-getwid-section__background has-background has-blue-background-color\"><\/div><div class=\"wp-block-getwid-section__foreground\" style=\"background-image:url('https:\/\/www.ecofarm-tayssir.com\/booking\/wp-content\/uploads\/2019\/07\/image_testimonials.png');background-position:top left;background-size:auto\"><\/div><\/div><div class=\"wp-block-getwid-section__content\"><div class=\"wp-block-getwid-section__inner-content\">\n<div class=\"wp-block-getwid-advanced-heading has-custom-font-size\" style=\"font-size:31px;margin-bottom:40px\"><h3 class=\"wp-block-getwid-advanced-heading__content has-text-color has-white-color\">Equipements<\/h3><\/div>\n\n\n\n<p class=\"has-white-color has-text-color\">Afin de garantir votre confort, chaque chambre dispose d&rsquo;\u00e9quipements modernes tels qu&rsquo;une t\u00e9l\u00e9vision \u00e0 \u00e9cran plat, la climatisation individuelle, un lit double douillet et une salle de douche enti\u00e8rement \u00e9quip\u00e9e.<\/p>\n\n\n\n<div style=\"height:30px\" aria-hidden=\"true\" class=\"wp-block-spacer\"><\/div>\n\n\n\n<div class=\"wp-block-columns has-3-columns is-layout-flex wp-container-core-columns-is-layout-9d6595d7 wp-block-columns-is-layout-flex\">\n<div class=\"wp-block-column is-layout-flow wp-block-column-is-layout-flow\">\n<div class=\"wp-block-getwid-icon-box has-text-center\"><div style=\"margin-bottom:12px\" class=\"wp-block-getwid-icon-box__icon-container has-layout-stacked is-position-top\"><div class=\"wp-block-getwid-icon-box__icon-wrapper has-background has-white-background-color has-text-color has-gold-color\" style=\"font-size:18px;padding:20px\"><i class=\"fas fa-tv\"><\/i><\/div><\/div><div class=\"wp-block-getwid-icon-box__content\">\n<div class=\"wp-block-getwid-advanced-heading\"><h6 class=\"wp-block-getwid-advanced-heading__content has-text-color has-white-color\">TV<\/h6><\/div>\n<\/div><\/div>\n\n\n\n<div class=\"wp-block-getwid-icon-box has-text-center\"><div style=\"margin-bottom:12px\" class=\"wp-block-getwid-icon-box__icon-container has-layout-stacked is-position-top\"><div class=\"wp-block-getwid-icon-box__icon-wrapper has-background has-white-background-color has-text-color has-gold-color\" style=\"font-size:18px;padding:20px\"><i class=\"fas fa-cocktail\"><\/i><\/div><\/div><div class=\"wp-block-getwid-icon-box__content\">\n<div class=\"wp-block-getwid-advanced-heading\"><h6 class=\"wp-block-getwid-advanced-heading__content has-text-color has-white-color\">no-Drinks<\/h6><\/div>\n<\/div><\/div>\n<\/div>\n\n\n\n<div class=\"wp-block-column is-layout-flow wp-block-column-is-layout-flow\">\n<div class=\"wp-block-getwid-icon-box has-text-center\"><div style=\"margin-bottom:12px\" class=\"wp-block-getwid-icon-box__icon-container has-layout-stacked is-position-top\"><div class=\"wp-block-getwid-icon-box__icon-wrapper has-background has-white-background-color has-text-color has-gold-color\" style=\"font-size:18px;padding:20px\"><i class=\"fas fa-bed\"><\/i><\/div><\/div><div class=\"wp-block-getwid-icon-box__content\">\n<div class=\"wp-block-getwid-advanced-heading\"><h6 class=\"wp-block-getwid-advanced-heading__content has-text-color has-white-color\">Lit double<\/h6><\/div>\n<\/div><\/div>\n\n\n\n<div class=\"wp-block-getwid-icon-box has-text-center\"><div style=\"margin-bottom:12px\" class=\"wp-block-getwid-icon-box__icon-container has-layout-stacked is-position-top\"><div class=\"wp-block-getwid-icon-box__icon-wrapper has-background has-white-background-color has-text-color has-gold-color\" style=\"font-size:18px;padding:20px\"><i class=\"fas fa-snowflake\"><\/i><\/div><\/div><div class=\"wp-block-getwid-icon-box__content\">\n<div class=\"wp-block-getwid-advanced-heading\"><h6 class=\"wp-block-getwid-advanced-heading__content has-text-color has-white-color\">climatisation<\/h6><\/div>\n<\/div><\/div>\n<\/div>\n\n\n\n<div class=\"wp-block-column is-layout-flow wp-block-column-is-layout-flow\">\n<div class=\"wp-block-getwid-icon-box has-text-center\"><div style=\"margin-bottom:12px\" class=\"wp-block-getwid-icon-box__icon-container has-layout-stacked is-position-top\"><div class=\"wp-block-getwid-icon-box__icon-wrapper has-background has-white-background-color has-text-color has-gold-color\" style=\"font-size:18px;padding:20px\"><i class=\"fas fa-smoking\"><\/i><\/div><\/div><div class=\"wp-block-getwid-icon-box__content\">\n<div class=\"wp-block-getwid-advanced-heading\"><h6 class=\"wp-block-getwid-advanced-heading__content has-text-color has-white-color\">no-Smoking <\/h6><\/div>\n<\/div><\/div>\n\n\n\n<div class=\"wp-block-getwid-icon-box has-text-center\"><div style=\"margin-bottom:12px\" class=\"wp-block-getwid-icon-box__icon-container has-layout-stacked is-position-top\"><div class=\"wp-block-getwid-icon-box__icon-wrapper has-background has-white-background-color has-text-color has-gold-color\" style=\"font-size:18px;padding:20px\"><i class=\"fas fa-bath\"><\/i><\/div><\/div><div class=\"wp-block-getwid-icon-box__content\">\n<div class=\"wp-block-getwid-advanced-heading\"><h6 class=\"wp-block-getwid-advanced-heading__content has-text-color has-white-color\">salle de douche<\/h6><\/div>\n<\/div><\/div>\n<\/div>\n<\/div>\n<\/div><\/div><\/div><\/div><\/div>\n<\/div><\/div><\/div><\/div><\/div>\n\n\n\n<div class=\"wp-block-getwid-section alignfull alignfull getwid-margin-top-none getwid-margin-bottom-none\"><div class=\"wp-block-getwid-section__wrapper getwid-padding-top-large getwid-padding-bottom-none getwid-padding-left-medium getwid-padding-right-medium getwid-padding-mobile-left-small getwid-padding-mobile-right-small\"><div class=\"wp-block-getwid-section__inner-wrapper\"><div class=\"wp-block-getwid-section__background-holder\"><div class=\"wp-block-getwid-section__background\"><\/div><div class=\"wp-block-getwid-section__foreground\"><\/div><\/div><div class=\"wp-block-getwid-section__content\"><div class=\"wp-block-getwid-section__inner-content\">\n<div class=\"wp-block-columns has-2-columns is-layout-flex wp-container-core-columns-is-layout-9d6595d7 wp-block-columns-is-layout-flex\">\n<div class=\"wp-block-column is-layout-flow wp-block-column-is-layout-flow\">\n<div class=\"wp-block-getwid-section\"><div class=\"wp-block-getwid-section__wrapper getwid-padding-top-none getwid-padding-bottom-none getwid-padding-left-none getwid-padding-tablet-right-none\" style=\"padding-right:30px\"><div class=\"wp-block-getwid-section__inner-wrapper\"><div class=\"wp-block-getwid-section__background-holder\"><div class=\"wp-block-getwid-section__background\"><\/div><div class=\"wp-block-getwid-section__foreground\"><\/div><\/div><div class=\"wp-block-getwid-section__content\"><div class=\"wp-block-getwid-section__inner-content\">\n<div class=\"wp-block-getwid-advanced-heading is-style-style-1 has-custom-font-size\" style=\"font-size:12px;margin-bottom:10px\"><p class=\"wp-block-getwid-advanced-heading__content\" style=\"text-transform:uppercase;letter-spacing:1px\">Excursions Plus<\/p><\/div>\n\n\n\n<div class=\"wp-block-getwid-advanced-heading is-style-default\" style=\"margin-bottom:30px\"><h2 class=\"wp-block-getwid-advanced-heading__content\" style=\"text-transform:none;letter-spacing:1px\">Visite de Ville de Marrakech<\/h2><\/div>\n\n\n\n<p>Afin de vous garantir une exp\u00e9rience unique, nous collaborons avec un guide local qui \u00e9laborera pour vous des itin\u00e9raires sur mesure, adapt\u00e9s \u00e0 vos souhaits et vous permettant de d\u00e9couvrir les richesses de la r\u00e9gion.<\/p>\n\n\n\n<p>Gr\u00e2ce \u00e0 la parfaite connaissance de notre guide local, vous b\u00e9n\u00e9ficierez de conseils personnalis\u00e9s et pourrez d\u00e9couvrir des lieux insolites et authentiques.<\/p>\n\n\n\n<div style=\"height:20px\" aria-hidden=\"true\" class=\"wp-block-spacer\"><\/div>\n\n\n\n<div class=\"wp-block-button is-style-default\"><a class=\"wp-block-button__link wp-element-button\" href=\"#\">Read More<\/a><\/div>\n<\/div><\/div><\/div><\/div><\/div>\n<\/div>\n\n\n\n<div class=\"wp-block-column is-layout-flow wp-block-column-is-layout-flow\">\n<div class=\"wp-block-getwid-images-stack is-layout-delta\"><div class=\"wp-block-getwid-images-stack__wrapper\"><div class=\"wp-block-getwid-images-stack__chunk\"><div class=\"wp-block-getwid-images-stack__media-wrapper\"><div class=\"wp-block-getwid-images-stack__media-inner-wrapper\"><img loading=\"lazy\" decoding=\"async\" width=\"1920\" height=\"1080\" class=\"wp-block-getwid-images-stack__media wp-image-1126\" src=\"https:\/\/www.ecofarm-tayssir.com\/booking\/wp-content\/uploads\/2019\/06\/sport1920x1080.jpg\" data-id=\"1126\" data-link=\"https:\/\/www.ecofarm-tayssir.com\/booking\/services\/fitness-center\/sport1920x1080\/\" srcset=\"https:\/\/www.ecofarm-tayssir.com\/booking\/wp-content\/uploads\/2019\/06\/sport1920x1080.jpg 1920w, https:\/\/www.ecofarm-tayssir.com\/booking\/wp-content\/uploads\/2019\/06\/sport1920x1080-300x169.jpg 300w, https:\/\/www.ecofarm-tayssir.com\/booking\/wp-content\/uploads\/2019\/06\/sport1920x1080-1024x576.jpg 1024w, https:\/\/www.ecofarm-tayssir.com\/booking\/wp-content\/uploads\/2019\/06\/sport1920x1080-768x432.jpg 768w, https:\/\/www.ecofarm-tayssir.com\/booking\/wp-content\/uploads\/2019\/06\/sport1920x1080-1536x864.jpg 1536w, https:\/\/www.ecofarm-tayssir.com\/booking\/wp-content\/uploads\/2019\/06\/sport1920x1080-1170x658.jpg 1170w\" sizes=\"auto, (max-width: 1920px) 100vw, 1920px\" \/><\/div><\/div><div class=\"wp-block-getwid-images-stack__media-wrapper\"><div class=\"wp-block-getwid-images-stack__media-inner-wrapper\"><img loading=\"lazy\" decoding=\"async\" width=\"2560\" height=\"1709\" class=\"wp-block-getwid-images-stack__media wp-image-1121\" src=\"https:\/\/www.ecofarm-tayssir.com\/booking\/wp-content\/uploads\/2024\/11\/DSC_3216-scaled.jpg\" data-id=\"1121\" data-link=\"https:\/\/www.ecofarm-tayssir.com\/booking\/our-gallery\/dsc_3216\/\" srcset=\"https:\/\/www.ecofarm-tayssir.com\/booking\/wp-content\/uploads\/2024\/11\/DSC_3216-scaled.jpg 2560w, https:\/\/www.ecofarm-tayssir.com\/booking\/wp-content\/uploads\/2024\/11\/DSC_3216-300x200.jpg 300w, https:\/\/www.ecofarm-tayssir.com\/booking\/wp-content\/uploads\/2024\/11\/DSC_3216-1024x683.jpg 1024w, https:\/\/www.ecofarm-tayssir.com\/booking\/wp-content\/uploads\/2024\/11\/DSC_3216-768x513.jpg 768w, https:\/\/www.ecofarm-tayssir.com\/booking\/wp-content\/uploads\/2024\/11\/DSC_3216-1536x1025.jpg 1536w, https:\/\/www.ecofarm-tayssir.com\/booking\/wp-content\/uploads\/2024\/11\/DSC_3216-2048x1367.jpg 2048w, https:\/\/www.ecofarm-tayssir.com\/booking\/wp-content\/uploads\/2024\/11\/DSC_3216-1170x781.jpg 1170w\" sizes=\"auto, (max-width: 2560px) 100vw, 2560px\" \/><\/div><\/div><div class=\"wp-block-getwid-images-stack__media-wrapper\"><div class=\"wp-block-getwid-images-stack__media-inner-wrapper\"><img loading=\"lazy\" decoding=\"async\" width=\"1920\" height=\"1080\" class=\"wp-block-getwid-images-stack__media wp-image-1061\" src=\"https:\/\/www.ecofarm-tayssir.com\/booking\/wp-content\/uploads\/2024\/11\/chambre05-1920x1080-1.jpg\" data-id=\"1061\" data-link=\"https:\/\/www.ecofarm-tayssir.com\/booking\/home\/chambre05-1920x1080\/\" srcset=\"https:\/\/www.ecofarm-tayssir.com\/booking\/wp-content\/uploads\/2024\/11\/chambre05-1920x1080-1.jpg 1920w, https:\/\/www.ecofarm-tayssir.com\/booking\/wp-content\/uploads\/2024\/11\/chambre05-1920x1080-1-300x169.jpg 300w, https:\/\/www.ecofarm-tayssir.com\/booking\/wp-content\/uploads\/2024\/11\/chambre05-1920x1080-1-1024x576.jpg 1024w, https:\/\/www.ecofarm-tayssir.com\/booking\/wp-content\/uploads\/2024\/11\/chambre05-1920x1080-1-768x432.jpg 768w, https:\/\/www.ecofarm-tayssir.com\/booking\/wp-content\/uploads\/2024\/11\/chambre05-1920x1080-1-1536x864.jpg 1536w, https:\/\/www.ecofarm-tayssir.com\/booking\/wp-content\/uploads\/2024\/11\/chambre05-1920x1080-1-1170x658.jpg 1170w\" sizes=\"auto, (max-width: 1920px) 100vw, 1920px\" \/><\/div><\/div><\/div><\/div><\/div>\n<\/div>\n<\/div>\n<\/div><\/div><\/div><\/div><\/div>\n","protected":false},"excerpt":{"rendered":"<p>Nous proposons une multitude d&rsquo;offres qui pourraient vous int\u00e9resser. Dans notre ferme \u00e9cologique, nous vous proposerons toutes sortes de divertissements en tenant compte de vos souhaits. Vous pourrez profiter de visites guid\u00e9es, d&rsquo;excursions, d&rsquo;expositions et de salons professionnels qui vous fascineront <\/p>\n","protected":false},"author":1,"featured_media":1311,"parent":0,"menu_order":0,"comment_status":"closed","ping_status":"closed","template":"","meta":{"inline_featured_image":false,"footnotes":""},"class_list":["post-275","page","type-page","status-publish","has-post-thumbnail","hentry"],"_links":{"self":[{"href":"https:\/\/www.ecofarm-tayssir.com\/booking\/wp-json\/wp\/v2\/pages\/275","targetHints":{"allow":["GET"]}}],"collection":[{"href":"https:\/\/www.ecofarm-tayssir.com\/booking\/wp-json\/wp\/v2\/pages"}],"about":[{"href":"https:\/\/www.ecofarm-tayssir.com\/booking\/wp-json\/wp\/v2\/types\/page"}],"author":[{"embeddable":true,"href":"https:\/\/www.ecofarm-tayssir.com\/booking\/wp-json\/wp\/v2\/users\/1"}],"replies":[{"embeddable":true,"href":"https:\/\/www.ecofarm-tayssir.com\/booking\/wp-json\/wp\/v2\/comments?post=275"}],"version-history":[{"count":9,"href":"https:\/\/www.ecofarm-tayssir.com\/booking\/wp-json\/wp\/v2\/pages\/275\/revisions"}],"predecessor-version":[{"id":1449,"href":"https:\/\/www.ecofarm-tayssir.com\/booking\/wp-json\/wp\/v2\/pages\/275\/revisions\/1449"}],"wp:featuredmedia":[{"embeddable":true,"href":"https:\/\/www.ecofarm-tayssir.com\/booking\/wp-json\/wp\/v2\/media\/1311"}],"wp:attachment":[{"href":"https:\/\/www.ecofarm-tayssir.com\/booking\/wp-json\/wp\/v2\/media?parent=275"}],"curies":[{"name":"wp","href":"https:\/\/api.w.org\/{rel}","templated":true}]}}