{"id":317,"date":"2024-06-12T11:59:52","date_gmt":"2024-06-12T10:59:52","guid":{"rendered":"https:\/\/themes.getmotopress.com\/luviana\/?page_id=317"},"modified":"2025-07-22T18:57:01","modified_gmt":"2025-07-22T17:57:01","slug":"terms-conditions","status":"publish","type":"page","link":"https:\/\/www.ecofarm-tayssir.com\/booking\/terms-conditions\/","title":{"rendered":"Termes &amp; Conditions"},"content":{"rendered":"\n<h1 class=\"wp-block-heading has-text-align-center\">Info H\u00f4tel<\/h1>\n\n\n\n<ul class=\"wp-block-list\">\n<li>Accueil de 9h00 \u00e0 22h00<\/li>\n\n\n\n<li>Enregistrement \u00e0 14H \u2013 Contr\u00f4le pour l&rsquo;enregistrement vers 11h00<\/li>\n\n\n\n<li>Petit-d\u00e9jeuner de 07h30 \u00e0 09h45 \u2013 7\/7<\/li>\n\n\n\n<li>Salle de sport de 08h00 \u00e0 22h00 \u2013 7\/7<\/li>\n\n\n\n<li>Les animaux de compagnie sont les bienvenus<\/li>\n\n\n\n<li>D\u00e9p\u00f4t des bagages gratuit.<\/li>\n\n\n\n<li>Interdit de fumer et boire de l\u2019alcool dans toutes les Chambres<\/li>\n<\/ul>\n\n\n\n<h2 class=\"wp-block-heading\">M\u00e9thodes d&rsquo;enregistrement :<\/h2>\n\n\n\n<p>L\u2019enregistrement s&rsquo;effectue de 9h00 \u00e0 22h00, apr\u00e8s quoi la r\u00e9ception sera ferm\u00e9e au public.<\/p>\n\n\n\n<p>Par cons\u00e9quent, nous vous demandons l&rsquo;heure approximative d&rsquo;arriv\u00e9e ici \u00e0 l&rsquo;\u00e9tablissement.<\/p>\n\n\n\n<p>Si votre arriv\u00e9e est pr\u00e9vue apr\u00e8s l&rsquo;heure de fermeture de l&rsquo;accueil, nous vous invitons \u00e0 nous pr\u00e9venir rapidement et \u00e0 nous transmettre les copies des pi\u00e8ces d&rsquo;identit\u00e9 de toutes les composantes, \u00e0 vous enregistrer en ligne, et \u00e0 pouvoir vous envoyer la proc\u00e9dure avec les instructions et les cl\u00e9s pour entrer dans l&rsquo;h\u00e9bergement que vous avez r\u00e9server \u00e0 tout moment.<\/p>\n\n\n\n<h2 class=\"wp-block-heading\">TERMES DE R\u00c9SERVATION<\/h2>\n\n\n\n<p>Pour les r\u00e9servations allant jusqu&rsquo;\u00e0 7 jours, le client peut annuler sans frais jusqu&rsquo;\u00e0 2 jours avant l&rsquo;arriv\u00e9e. Pass\u00e9 ce d\u00e9lais le client paye le montant total de son s\u00e9jour.<\/p>\n\n\n\n<p>Pour les r\u00e9servations de plus de 7 jours, le client peut annuler sans frais jusqu&rsquo;\u00e0 7 jours avant l&rsquo;arriv\u00e9e. Pass\u00e9 ce d\u00e9lais le client paye le montant total de son s\u00e9jour.<\/p>\n\n\n\n<p>No Show (lorsque le client n&rsquo;annule pas et ne se pr\u00e9sente pas \u00e0 l&rsquo;h\u00f4tel) : en cas de non-pr\u00e9sentation, le prix du total du s\u00e9jour sera factur\u00e9.<\/p>\n\n\n\n<h2 class=\"wp-block-heading\">REMPLACEMENT :<\/h2>\n\n\n\n<p>Si, en raison de notre erreur ou pour des raisons inattendues, nous ne sommes pas en mesure de respecter les conditions d&rsquo;une r\u00e9servation confirm\u00e9e et garantie, on se fera charge de fournir au client un h\u00e9bergement de remplacement pr\u00e9sentant les m\u00eames qualit\u00e9s et prix que ceux convenus avec nous. L&rsquo;\u00e9chec du client \u00e0 accepter le logement de remplacement qui lui est propos\u00e9 lib\u00e8re la ferme Ecofarm de toute obligation.<\/p>\n\n\n\n<p class=\"has-text-align-center\">Taxe de s\u00e9jour : 25 Dh par personne et par nuit, r\u00e9serv\u00e9 aux adultes (\u00e0 partir de 14 ans).<\/p>\n\n\n\n<p class=\"has-text-align-center\">L&rsquo;annulation ou la non-pr\u00e9sentation entra\u00eenera la charge de la totalit\u00e9&nbsp;du&nbsp;s\u00e9jour.<\/p>\n","protected":false},"excerpt":{"rendered":"<p>Info H\u00f4tel M\u00e9thodes d&rsquo;enregistrement : L\u2019enregistrement s&rsquo;effectue de 9h00 \u00e0 22h00, apr\u00e8s quoi la r\u00e9ception sera ferm\u00e9e au public. Par cons\u00e9quent, nous vous demandons l&rsquo;heure approximative d&rsquo;arriv\u00e9e ici \u00e0 l&rsquo;\u00e9tablissement. Si votre arriv\u00e9e est pr\u00e9vue apr\u00e8s l&rsquo;heure de fermeture de l&rsquo;accueil, nous vous invitons \u00e0 nous pr\u00e9venir rapidement et \u00e0 nous transmettre les copies des [&hellip;]<\/p>\n","protected":false},"author":1,"featured_media":0,"parent":0,"menu_order":0,"comment_status":"closed","ping_status":"closed","template":"","meta":{"inline_featured_image":false,"footnotes":""},"class_list":["post-317","page","type-page","status-publish","hentry"],"_links":{"self":[{"href":"https:\/\/www.ecofarm-tayssir.com\/booking\/wp-json\/wp\/v2\/pages\/317","targetHints":{"allow":["GET"]}}],"collection":[{"href":"https:\/\/www.ecofarm-tayssir.com\/booking\/wp-json\/wp\/v2\/pages"}],"about":[{"href":"https:\/\/www.ecofarm-tayssir.com\/booking\/wp-json\/wp\/v2\/types\/page"}],"author":[{"embeddable":true,"href":"https:\/\/www.ecofarm-tayssir.com\/booking\/wp-json\/wp\/v2\/users\/1"}],"replies":[{"embeddable":true,"href":"https:\/\/www.ecofarm-tayssir.com\/booking\/wp-json\/wp\/v2\/comments?post=317"}],"version-history":[{"count":4,"href":"https:\/\/www.ecofarm-tayssir.com\/booking\/wp-json\/wp\/v2\/pages\/317\/revisions"}],"predecessor-version":[{"id":1434,"href":"https:\/\/www.ecofarm-tayssir.com\/booking\/wp-json\/wp\/v2\/pages\/317\/revisions\/1434"}],"wp:attachment":[{"href":"https:\/\/www.ecofarm-tayssir.com\/booking\/wp-json\/wp\/v2\/media?parent=317"}],"curies":[{"name":"wp","href":"https:\/\/api.w.org\/{rel}","templated":true}]}}